{"id":17,"date":"2012-06-04T20:55:28","date_gmt":"2012-06-04T18:55:28","guid":{"rendered":"http:\/\/historischer-verein-speyer.de\/html\/?page_id=17"},"modified":"2017-08-04T07:30:32","modified_gmt":"2017-08-04T05:30:32","slug":"geschichte-der-bezirksgruppe","status":"publish","type":"page","link":"http:\/\/historischer-verein-speyer.de\/?page_id=17","title":{"rendered":"Die Bezirksgruppe"},"content":{"rendered":"<div>\n<ul>\n<li><a title=\"Aufgaben und Ziele\" href=\"http:\/\/historischer-verein-speyer.de\/html\/?page_id=13\">Aufgaben und Ziele<\/a><\/li>\n<li><a title=\"Vorstand\" href=\"http:\/\/historischer-verein-speyer.de\/html\/?page_id=26\">Vorstand<\/a><\/li>\n<li><a title=\"B\ufffdcher\" href=\"http:\/\/historischer-verein-speyer.de\/html\/?p=195\">Publikationen<\/a><\/li>\n<li><a title=\"Chronik\" href=\"http:\/\/historischer-verein-speyer.de\/html\/?page_id=392\">Chronik<\/a><\/li>\n<li><a title=\"Vortragsarchiv\" href=\"http:\/\/historischer-verein-speyer.de\/html\/?page_id=581\">Vortragsarchiv<\/a><\/li>\n<\/ul>\n<\/div>\n<div><strong>Rundbrief<\/strong><\/div>\n<div>Zweimal im Jahr verschickt die Bezirksgruppe einen Rundbrief an ihre Mitglieder. Wenn Sie diesen Brief per Mail erhalten wollen und somit Porto- und Papierkosten sparen m\u00f6chten, schreiben Sie bitte eine Mail an unseren Schriftf\u00fchrer, Herrn G\u00fcnther Fleischmann: rundbrief@historischer-verein-speyer.de<\/div>\n<div>Bitte achten Sie darauf, dass Sie bei einem eventuellen Mailadressenwechsel dies ebenfalls unserem Schriftf\u00fchrer mitteilen.<\/div>\n","protected":false},"excerpt":{"rendered":"<p>Aufgaben und Ziele Vorstand Publikationen Chronik Vortragsarchiv Rundbrief Zweimal im Jahr verschickt die Bezirksgruppe einen Rundbrief an ihre Mitglieder. Wenn Sie diesen Brief per Mail erhalten wollen und somit Porto- und Papierkosten sparen m\u00f6chten, schreiben Sie bitte eine Mail an unseren Schriftf\u00fchrer, Herrn G\u00fcnther Fleischmann: rundbrief@historischer-verein-speyer.de Bitte achten Sie darauf, dass Sie bei einem eventuellen [&hellip;]<\/p>\n","protected":false},"author":2,"featured_media":0,"parent":0,"menu_order":5,"comment_status":"closed","ping_status":"open","template":"","meta":{"footnotes":""},"class_list":["post-17","page","type-page","status-publish","hentry"],"_links":{"self":[{"href":"http:\/\/historischer-verein-speyer.de\/index.php?rest_route=\/wp\/v2\/pages\/17","targetHints":{"allow":["GET"]}}],"collection":[{"href":"http:\/\/historischer-verein-speyer.de\/index.php?rest_route=\/wp\/v2\/pages"}],"about":[{"href":"http:\/\/historischer-verein-speyer.de\/index.php?rest_route=\/wp\/v2\/types\/page"}],"author":[{"embeddable":true,"href":"http:\/\/historischer-verein-speyer.de\/index.php?rest_route=\/wp\/v2\/users\/2"}],"replies":[{"embeddable":true,"href":"http:\/\/historischer-verein-speyer.de\/index.php?rest_route=%2Fwp%2Fv2%2Fcomments&post=17"}],"version-history":[{"count":16,"href":"http:\/\/historischer-verein-speyer.de\/index.php?rest_route=\/wp\/v2\/pages\/17\/revisions"}],"predecessor-version":[{"id":2087,"href":"http:\/\/historischer-verein-speyer.de\/index.php?rest_route=\/wp\/v2\/pages\/17\/revisions\/2087"}],"wp:attachment":[{"href":"http:\/\/historischer-verein-speyer.de\/index.php?rest_route=%2Fwp%2Fv2%2Fmedia&parent=17"}],"curies":[{"name":"wp","href":"https:\/\/api.w.org\/{rel}","templated":true}]}}